{"id":53,"date":"2018-05-24T11:34:55","date_gmt":"2018-05-24T11:34:55","guid":{"rendered":"http:\/\/narrenzunft-binzen.de\/?page_id=53"},"modified":"2025-12-25T16:43:15","modified_gmt":"2025-12-25T14:43:15","slug":"aktuelles","status":"publish","type":"page","link":"http:\/\/narrenzunft-binzen.de\/?page_id=53","title":{"rendered":"Veranstaltungen"},"content":{"rendered":"\n<h3 class=\"wp-block-heading\" style=\"font-size:25px\"><strong>Fasnachtser\u00f6ffnung &amp; Narrenbaumstellen<\/strong><\/h3>\n\n\n\n<p class=\"has-medium-font-size\">Wir er\u00f6ffnen die Binzemer Fasnacht am <strong>06. Januar 2026 um 15:11Uhr<\/strong> mit dem Stellen des Narrenbaums, der Motto-Verk\u00fcndung und der Plakettenvorstellung auf dem Rathausplatz in Binzen.<\/p>\n\n\n\n<h3 class=\"wp-block-heading\" style=\"font-size:25px\"><strong>Sonntagsumzug<\/strong><\/h3>\n\n\n\n<p class=\"has-medium-font-size\">Der Sonntagsumzug wird am <strong>08. Februar 2026 um 13:33Uhr<\/strong> die Binzener Hauptstra\u00dfe mit buntem Narrentreiben, verschiedenen St\u00e4nden und nat\u00fcrlich diversen Guggen-Konzerten zum Leben erwecken. Wer alles dabei ist k\u00f6nnt Ihr <a href=\"http:\/\/narrenzunft-binzen.de\/?page_id=49\" data-type=\"URL\" data-id=\"http:\/\/narrenzunft-binzen.de\/?page_id=49\">hier <\/a>sehen.<\/p>\n\n\n\n<p class=\"has-medium-font-size\"><\/p>\n\n\n\n<h3 class=\"wp-block-heading\" style=\"font-size:25px\"><strong>Fasnachtsplaketten<\/strong><\/h3>\n\n\n\n<p class=\"has-medium-font-size\">Unsere Fasnachtsplaketten sind ab dem\u00a0<strong>07. Januar 2026<\/strong>\u00a0in Binzen bei der Metzgerei Kallbacher, im Blattwerk, im Totto-Lotto, beim Weingut Krebs und bei den Mitgliedern der Narrenzunft erh\u00e4ltlich.<\/p>\n\n\n\n<p><\/p>\n","protected":false},"excerpt":{"rendered":"<p>Fasnachtser\u00f6ffnung &amp; Narrenbaumstellen Wir er\u00f6ffnen die Binzemer Fasnacht am 06. Januar 2026 um 15:11Uhr mit dem Stellen des Narrenbaums, der Motto-Verk\u00fcndung und der Plakettenvorstellung auf dem Rathausplatz in Binzen. Sonntagsumzug &#8230;<\/p>\n","protected":false},"author":1,"featured_media":0,"parent":0,"menu_order":0,"comment_status":"closed","ping_status":"closed","template":"","meta":{"footnotes":""},"class_list":["post-53","page","type-page","status-publish","hentry"],"_links":{"self":[{"href":"http:\/\/narrenzunft-binzen.de\/index.php?rest_route=\/wp\/v2\/pages\/53","targetHints":{"allow":["GET"]}}],"collection":[{"href":"http:\/\/narrenzunft-binzen.de\/index.php?rest_route=\/wp\/v2\/pages"}],"about":[{"href":"http:\/\/narrenzunft-binzen.de\/index.php?rest_route=\/wp\/v2\/types\/page"}],"author":[{"embeddable":true,"href":"http:\/\/narrenzunft-binzen.de\/index.php?rest_route=\/wp\/v2\/users\/1"}],"replies":[{"embeddable":true,"href":"http:\/\/narrenzunft-binzen.de\/index.php?rest_route=%2Fwp%2Fv2%2Fcomments&post=53"}],"version-history":[{"count":34,"href":"http:\/\/narrenzunft-binzen.de\/index.php?rest_route=\/wp\/v2\/pages\/53\/revisions"}],"predecessor-version":[{"id":787,"href":"http:\/\/narrenzunft-binzen.de\/index.php?rest_route=\/wp\/v2\/pages\/53\/revisions\/787"}],"wp:attachment":[{"href":"http:\/\/narrenzunft-binzen.de\/index.php?rest_route=%2Fwp%2Fv2%2Fmedia&parent=53"}],"curies":[{"name":"wp","href":"https:\/\/api.w.org\/{rel}","templated":true}]}}