{"id":51,"date":"2018-05-24T11:34:55","date_gmt":"2018-05-24T11:34:55","guid":{"rendered":"http:\/\/narrenzunft-binzen.de\/?page_id=51"},"modified":"2025-12-25T16:41:59","modified_gmt":"2025-12-25T14:41:59","slug":"kalender","status":"publish","type":"page","link":"http:\/\/narrenzunft-binzen.de\/?page_id=51","title":{"rendered":"Kalender"},"content":{"rendered":"\n<p><\/p>\n\n\n\n<figure class=\"wp-block-table is-style-stripes\"><table class=\"has-fixed-layout\"><thead><tr><th class=\"has-text-align-center\" data-align=\"center\">Was?<\/th><th class=\"has-text-align-center\" data-align=\"center\">Wann?<\/th><th class=\"has-text-align-center\" data-align=\"center\">Wo?<\/th><th class=\"has-text-align-center\" data-align=\"center\">Wer?<\/th><th class=\"has-text-align-center\" data-align=\"center\">Uhrzeit<\/th><\/tr><\/thead><tbody><tr><td class=\"has-text-align-center\" data-align=\"center\"><strong>Fasnachtser\u00f6ffnung &amp; Narrenbaumstellen<\/strong><\/td><td class=\"has-text-align-center\" data-align=\"center\">06. Januar 2026<\/td><td class=\"has-text-align-center\" data-align=\"center\">Binzen<\/td><td class=\"has-text-align-center\" data-align=\"center\">Schdrauch\u00f6pf, Chirsi, H\u00e4xen u. NZ<\/td><td class=\"has-text-align-center\" data-align=\"center\">15:11<\/td><\/tr><tr><td class=\"has-text-align-center\" data-align=\"center\"><strong>Fasnachtsumzug<\/strong><\/td><td class=\"has-text-align-center\" data-align=\"center\">08. Februar 2026<\/td><td class=\"has-text-align-center\" data-align=\"center\">Binzen<\/td><td class=\"has-text-align-center\" data-align=\"center\">Schdrauch\u00f6pf, Chirsi, H\u00e4xen u. NZ<\/td><td class=\"has-text-align-center\" data-align=\"center\">13:33<\/td><\/tr><\/tbody><\/table><figcaption class=\"wp-element-caption\">Stand 11.01.2025<br>Uhrzeiten entsprechen dem jeweiligen Umzugsbeginn.<\/figcaption><\/figure>\n\n\n\n<p><\/p>\n","protected":false},"excerpt":{"rendered":"<p>Was? Wann? Wo? Wer? Uhrzeit Fasnachtser\u00f6ffnung &amp; Narrenbaumstellen 06. Januar 2026 Binzen Schdrauch\u00f6pf, Chirsi, H\u00e4xen u. NZ 15:11 Fasnachtsumzug 08. Februar 2026 Binzen Schdrauch\u00f6pf, Chirsi, H\u00e4xen u. NZ 13:33 Stand &#8230;<\/p>\n","protected":false},"author":1,"featured_media":0,"parent":0,"menu_order":0,"comment_status":"closed","ping_status":"closed","template":"","meta":{"footnotes":""},"class_list":["post-51","page","type-page","status-publish","hentry"],"_links":{"self":[{"href":"http:\/\/narrenzunft-binzen.de\/index.php?rest_route=\/wp\/v2\/pages\/51","targetHints":{"allow":["GET"]}}],"collection":[{"href":"http:\/\/narrenzunft-binzen.de\/index.php?rest_route=\/wp\/v2\/pages"}],"about":[{"href":"http:\/\/narrenzunft-binzen.de\/index.php?rest_route=\/wp\/v2\/types\/page"}],"author":[{"embeddable":true,"href":"http:\/\/narrenzunft-binzen.de\/index.php?rest_route=\/wp\/v2\/users\/1"}],"replies":[{"embeddable":true,"href":"http:\/\/narrenzunft-binzen.de\/index.php?rest_route=%2Fwp%2Fv2%2Fcomments&post=51"}],"version-history":[{"count":32,"href":"http:\/\/narrenzunft-binzen.de\/index.php?rest_route=\/wp\/v2\/pages\/51\/revisions"}],"predecessor-version":[{"id":785,"href":"http:\/\/narrenzunft-binzen.de\/index.php?rest_route=\/wp\/v2\/pages\/51\/revisions\/785"}],"wp:attachment":[{"href":"http:\/\/narrenzunft-binzen.de\/index.php?rest_route=%2Fwp%2Fv2%2Fmedia&parent=51"}],"curies":[{"name":"wp","href":"https:\/\/api.w.org\/{rel}","templated":true}]}}