{"id":49,"date":"2018-05-24T11:34:55","date_gmt":"2018-05-24T11:34:55","guid":{"rendered":"http:\/\/narrenzunft-binzen.de\/?page_id=49"},"modified":"2026-02-07T19:08:03","modified_gmt":"2026-02-07T17:08:03","slug":"umzug","status":"publish","type":"page","link":"http:\/\/narrenzunft-binzen.de\/?page_id=49","title":{"rendered":"Umzug"},"content":{"rendered":"\n<p>Wir freuen uns mit Euch zusammen auf einen unvergesslichen Fasnachtsumzug am <strong>08.02.2026 <\/strong>in Binzen!<\/p>\n\n\n\n<p><strong>Wichtige Info Wagengruppen:<\/strong> Ihr habt keine eigene Startnummer!<br>Ihr werdet je nach Zeitpunkt Eurer Ankunft in der Aufstellung auf die Wagenpl\u00e4tze zugewiesen.<br>Aufgrund der aktuellen Lage im Aufstellungsbereich k\u00f6nnen wir keine Wagen mehr aneinander vorbeifahren lassen. <br><\/p>\n\n\n\n<h2 class=\"wp-block-heading\">Teilnehmer<\/h2>\n\n\n\n<p>(Stand 07.02.2026)<\/p>\n\n\n\n<table id=\"tablepress-6\" class=\"tablepress tablepress-id-6\">\n<thead>\n<tr class=\"row-1\">\n\t<th class=\"column-1\">Startnr.<\/th><th class=\"column-2\">Zunft<\/th><th class=\"column-3\">Clique<\/th><th class=\"column-4\">Ort Clique\/Zunft<\/th>\n<\/tr>\n<\/thead>\n<tbody class=\"row-striping row-hover\">\n<tr class=\"row-2\">\n\t<td class=\"column-1\">1<\/td><td class=\"column-2\">NG L\u00f6rrach<\/td><td class=\"column-3\">GM Ohreputzer-L\u00f6rrach 1998e.V.<\/td><td class=\"column-4\">L\u00f6rrach<\/td>\n<\/tr>\n<tr class=\"row-3\">\n\t<td class=\"column-1\">2<\/td><td class=\"column-2\"><\/td><td class=\"column-3\">Narrenzunft Binzemer Thonnerknaben e.V.<\/td><td class=\"column-4\">Binzen<\/td>\n<\/tr>\n<tr class=\"row-4\">\n\t<td class=\"column-1\"><\/td><td class=\"column-2\"><\/td><td class=\"column-3\">Ehrennarren und Narrensome<\/td><td class=\"column-4\">Binzen<\/td>\n<\/tr>\n<tr class=\"row-5\">\n\t<td class=\"column-1\">3<\/td><td class=\"column-2\"><\/td><td class=\"column-3\">Narresome der Region<\/td><td class=\"column-4\"><\/td>\n<\/tr>\n<tr class=\"row-6\">\n\t<td class=\"column-1\"><\/td><td class=\"column-2\"><\/td><td class=\"column-3\">R\u00fcmminger Zwerge und Junggrabben<\/td><td class=\"column-4\">R\u00fcmmingen<\/td>\n<\/tr>\n<tr class=\"row-7\">\n\t<td class=\"column-1\"><\/td><td class=\"column-2\">IG Weiler SF<\/td><td class=\"column-3\">Wiler Narresome<\/td><td class=\"column-4\">Weil am Rhein<\/td>\n<\/tr>\n<tr class=\"row-8\">\n\t<td class=\"column-1\">4<\/td><td class=\"column-2\"><\/td><td class=\"column-3\">Narrenzunft Isteiner Dr\u00fcbel<\/td><td class=\"column-4\">Istein<\/td>\n<\/tr>\n<tr class=\"row-9\">\n\t<td class=\"column-1\">5<\/td><td class=\"column-2\">Wagengruppe<\/td><td class=\"column-3\">Wagengruppe Platz 1.<\/td><td class=\"column-4\">Wagengruppe<\/td>\n<\/tr>\n<tr class=\"row-10\">\n\t<td class=\"column-1\">6<\/td><td class=\"column-2\">NZ Gresgen<\/td><td class=\"column-3\">Fuhrmanne Gresgen<\/td><td class=\"column-4\">Zell im Wiesental<\/td>\n<\/tr>\n<tr class=\"row-11\">\n\t<td class=\"column-1\">7<\/td><td class=\"column-2\">NZ Schopfheim<\/td><td class=\"column-3\">D&#8217;Enninger Schopfheim e.V.<\/td><td class=\"column-4\">Schopfheim<\/td>\n<\/tr>\n<tr class=\"row-12\">\n\t<td class=\"column-1\">8<\/td><td class=\"column-2\"><\/td><td class=\"column-3\">Sumpfh\u00e4xe Brombach<\/td><td class=\"column-4\">L\u00f6rrach<\/td>\n<\/tr>\n<tr class=\"row-13\">\n\t<td class=\"column-1\"><\/td><td class=\"column-2\">NZ Rolli Dudel Wyhlen<\/td><td class=\"column-3\">Zunftleitung<\/td><td class=\"column-4\">Wyhlen<\/td>\n<\/tr>\n<tr class=\"row-14\">\n\t<td class=\"column-1\">9<\/td><td class=\"column-2\">NZ Rolli Dudel Wyhlen<\/td><td class=\"column-3\">B\u00e4ren Clique 1973<\/td><td class=\"column-4\">Wyhlen<\/td>\n<\/tr>\n<tr class=\"row-15\">\n\t<td class=\"column-1\">10<\/td><td class=\"column-2\">NZ Rolli Dudel Wyhlen<\/td><td class=\"column-3\">Dunnerloch-Zotteli<\/td><td class=\"column-4\">Wyhlen<\/td>\n<\/tr>\n<tr class=\"row-16\">\n\t<td class=\"column-1\">11<\/td><td class=\"column-2\">NZ Rolli Dudel Wyhlen<\/td><td class=\"column-3\">Rolli Dudel Schr\u00e4nzer<\/td><td class=\"column-4\">Wyhlen<\/td>\n<\/tr>\n<tr class=\"row-17\">\n\t<td class=\"column-1\">12<\/td><td class=\"column-2\">NZ Rolli Dudel Wyhlen<\/td><td class=\"column-3\">Nasenr\u00fcmpfer Hexen Clique<\/td><td class=\"column-4\">Wyhlen<\/td>\n<\/tr>\n<tr class=\"row-18\">\n\t<td class=\"column-1\">13<\/td><td class=\"column-2\">NZ Rolli Dudel Wyhlen<\/td><td class=\"column-3\">S\u00fc\u00fcri Waggis<\/td><td class=\"column-4\">Wyhlen<\/td>\n<\/tr>\n<tr class=\"row-19\">\n\t<td class=\"column-1\">14<\/td><td class=\"column-2\">Wagengruppe<\/td><td class=\"column-3\">Wagengruppe Platz 2.<\/td><td class=\"column-4\">Wagengruppe<\/td>\n<\/tr>\n<tr class=\"row-20\">\n\t<td class=\"column-1\">15<\/td><td class=\"column-2\">NZ Rolli Dudel Wyhlen<\/td><td class=\"column-3\">F\u00e4hr-W\u00e4chter<\/td><td class=\"column-4\">Wyhlen<\/td>\n<\/tr>\n<tr class=\"row-21\">\n\t<td class=\"column-1\">16<\/td><td class=\"column-2\">Wagengruppe<\/td><td class=\"column-3\">Wagengruppe Platz 3.<\/td><td class=\"column-4\">Wagengruppe<\/td>\n<\/tr>\n<tr class=\"row-22\">\n\t<td class=\"column-1\">17<\/td><td class=\"column-2\">NZ Rolli Dudel Wyhlen<\/td><td class=\"column-3\">Linda Geischter<\/td><td class=\"column-4\">Wyhlen<\/td>\n<\/tr>\n<tr class=\"row-23\">\n\t<td class=\"column-1\">18<\/td><td class=\"column-2\">NZ Rolli Dudel Wyhlen<\/td><td class=\"column-3\">Grienloch Ru\u00e4che<\/td><td class=\"column-4\">Wyhlen<\/td>\n<\/tr>\n<tr class=\"row-24\">\n\t<td class=\"column-1\">19<\/td><td class=\"column-2\">Wagengruppe<\/td><td class=\"column-3\">Wagengruppe Platz 4.<\/td><td class=\"column-4\">Wagengruppe<\/td>\n<\/tr>\n<tr class=\"row-25\">\n\t<td class=\"column-1\">20<\/td><td class=\"column-2\"><\/td><td class=\"column-3\">Wollbacher Chochl\u00f6ffel e.V.<\/td><td class=\"column-4\">Wollbach<\/td>\n<\/tr>\n<tr class=\"row-26\">\n\t<td class=\"column-1\">21<\/td><td class=\"column-2\"><\/td><td class=\"column-3\">M\u00fchli Geischter 1984 Binzen e.V.<\/td><td class=\"column-4\">Binzen<\/td>\n<\/tr>\n<tr class=\"row-27\">\n\t<td class=\"column-1\">22<\/td><td class=\"column-2\"><\/td><td class=\"column-3\">Markgr\u00e4fler R\u00e4ber\u00e4uber<\/td><td class=\"column-4\">Feuerbach<\/td>\n<\/tr>\n<tr class=\"row-28\">\n\t<td class=\"column-1\">23<\/td><td class=\"column-2\"><\/td><td class=\"column-3\">Wollbacher Stachelbieschter<\/td><td class=\"column-4\">Wollbach<\/td>\n<\/tr>\n<tr class=\"row-29\">\n\t<td class=\"column-1\">24<\/td><td class=\"column-2\">IG Weiler SF<\/td><td class=\"column-3\">Guggemusik Node-Spucker e.V.<\/td><td class=\"column-4\">Weil am Rhein<\/td>\n<\/tr>\n<tr class=\"row-30\">\n\t<td class=\"column-1\">25<\/td><td class=\"column-2\">NZ Grenzach<\/td><td class=\"column-3\">D\u00e4ngeligeist-Clique<\/td><td class=\"column-4\">Grenzach<\/td>\n<\/tr>\n<tr class=\"row-31\">\n\t<td class=\"column-1\">26<\/td><td class=\"column-2\">NZ Grenzach<\/td><td class=\"column-3\">Gumbe-Dabbi-Clique<\/td><td class=\"column-4\">Grenzach<\/td>\n<\/tr>\n<tr class=\"row-32\">\n\t<td class=\"column-1\">27<\/td><td class=\"column-2\">NZ Grenzach<\/td><td class=\"column-3\">Zw\u00e4tschgehuuser Clique Grenzach<\/td><td class=\"column-4\">Grenzach<\/td>\n<\/tr>\n<tr class=\"row-33\">\n\t<td class=\"column-1\">28<\/td><td class=\"column-2\">NZ Grenzach<\/td><td class=\"column-3\">Rhy H\u00e4xe<\/td><td class=\"column-4\">Grenzach<\/td>\n<\/tr>\n<tr class=\"row-34\">\n\t<td class=\"column-1\">29<\/td><td class=\"column-2\">NZ Grenzach<\/td><td class=\"column-3\">R\u00f6telste F\u00fcchs<\/td><td class=\"column-4\">Grenzach<\/td>\n<\/tr>\n<tr class=\"row-35\">\n\t<td class=\"column-1\">30<\/td><td class=\"column-2\">Wagengruppe<\/td><td class=\"column-3\">Wagengruppe Platz 5.<\/td><td class=\"column-4\">Wagengruppe<\/td>\n<\/tr>\n<tr class=\"row-36\">\n\t<td class=\"column-1\">31<\/td><td class=\"column-2\"><\/td><td class=\"column-3\">Flachshexe 1983 e.V.<\/td><td class=\"column-4\">L\u00f6rrach<\/td>\n<\/tr>\n<tr class=\"row-37\">\n\t<td class=\"column-1\">32<\/td><td class=\"column-2\"><\/td><td class=\"column-3\">Fellh\u00e4xe Haltingen<\/td><td class=\"column-4\">Hatingen<\/td>\n<\/tr>\n<tr class=\"row-38\">\n\t<td class=\"column-1\">33<\/td><td class=\"column-2\"><\/td><td class=\"column-3\">R\u00fcmminger Harzwalcher<\/td><td class=\"column-4\">R\u00fcmmingen<\/td>\n<\/tr>\n<tr class=\"row-39\">\n\t<td class=\"column-1\">34<\/td><td class=\"column-2\">NG L\u00f6rrach<\/td><td class=\"column-3\">Guggemusik Trottwarschlurbi 1980 e.V.<\/td><td class=\"column-4\">L\u00f6rrach<\/td>\n<\/tr>\n<tr class=\"row-40\">\n\t<td class=\"column-1\">35<\/td><td class=\"column-2\">NG L\u00f6rrach<\/td><td class=\"column-3\">Narrengilder L\u00f6rrach 1936 e.V. | Schrobbe Ch\u00f6pf us Stette<\/td><td class=\"column-4\">L\u00f6rrach<\/td>\n<\/tr>\n<tr class=\"row-41\">\n\t<td class=\"column-1\"><\/td><td class=\"column-2\"><\/td><td class=\"column-3\">Viere Waggis | G\u00fcggel-Clique Tumringen e.V.<\/td><td class=\"column-4\">L\u00f6rrach<\/td>\n<\/tr>\n<tr class=\"row-42\">\n\t<td class=\"column-1\">36<\/td><td class=\"column-2\">NG L\u00f6rrach<\/td><td class=\"column-3\">Schn\u00e4gge Clique D\u00fcllige e.V.<\/td><td class=\"column-4\">L\u00f6rrach<\/td>\n<\/tr>\n<tr class=\"row-43\">\n\t<td class=\"column-1\">37<\/td><td class=\"column-2\">Wagengruppe<\/td><td class=\"column-3\">Wagengruppe Platz 6.<\/td><td class=\"column-4\">Wagengruppe<\/td>\n<\/tr>\n<tr class=\"row-44\">\n\t<td class=\"column-1\">38<\/td><td class=\"column-2\">Wagengruppe<\/td><td class=\"column-3\">Wagengruppe Platz 7.<\/td><td class=\"column-4\">Wagengruppe<\/td>\n<\/tr>\n<tr class=\"row-45\">\n\t<td class=\"column-1\">39<\/td><td class=\"column-2\">NG L\u00f6rrach<\/td><td class=\"column-3\">Haagemer Burgnarren e.V.<\/td><td class=\"column-4\">L\u00f6rrach<\/td>\n<\/tr>\n<tr class=\"row-46\">\n\t<td class=\"column-1\">40<\/td><td class=\"column-2\">NG L\u00f6rrach<\/td><td class=\"column-3\">Lerchen Clique L\u00f6rrach e.V.<\/td><td class=\"column-4\">L\u00f6rrach<\/td>\n<\/tr>\n<tr class=\"row-47\">\n\t<td class=\"column-1\">41<\/td><td class=\"column-2\">NG L\u00f6rrach<\/td><td class=\"column-3\">Wiese Waggis<\/td><td class=\"column-4\">L\u00f6rrach<\/td>\n<\/tr>\n<tr class=\"row-48\">\n\t<td class=\"column-1\">42<\/td><td class=\"column-2\">Wagengruppe<\/td><td class=\"column-3\">Wagengruppe Platz 8.<\/td><td class=\"column-4\">Wagengruppe<\/td>\n<\/tr>\n<tr class=\"row-49\">\n\t<td class=\"column-1\">43<\/td><td class=\"column-2\">NG L\u00f6rrach<\/td><td class=\"column-3\">Schlossberg Hexe Haagen<\/td><td class=\"column-4\">L\u00f6rrach<\/td>\n<\/tr>\n<tr class=\"row-50\">\n\t<td class=\"column-1\">44<\/td><td class=\"column-2\">NG L\u00f6rrach<\/td><td class=\"column-3\">Stettemer W\u00f6schwiiber 1983 e.V.<\/td><td class=\"column-4\">L\u00f6rrach<\/td>\n<\/tr>\n<tr class=\"row-51\">\n\t<td class=\"column-1\">45<\/td><td class=\"column-2\"><\/td><td class=\"column-3\">Grabedierer Marzell 1992 e.V<\/td><td class=\"column-4\">Marzell<\/td>\n<\/tr>\n<tr class=\"row-52\">\n\t<td class=\"column-1\">46<\/td><td class=\"column-2\"><\/td><td class=\"column-3\">Hexebieschter Schopfheim 2016 e.V<\/td><td class=\"column-4\">Schopfheim<\/td>\n<\/tr>\n<tr class=\"row-53\">\n\t<td class=\"column-1\">47<\/td><td class=\"column-2\"><\/td><td class=\"column-3\">Guggemusik D\u00b4Namelose 97 e.V.<\/td><td class=\"column-4\">Schopfheim<\/td>\n<\/tr>\n<tr class=\"row-54\">\n\t<td class=\"column-1\">48<\/td><td class=\"column-2\"><\/td><td class=\"column-3\">Sch\u00e4lle Waggis Schopfheim<\/td><td class=\"column-4\">Schopfheim<\/td>\n<\/tr>\n<tr class=\"row-55\">\n\t<td class=\"column-1\">49<\/td><td class=\"column-2\"><\/td><td class=\"column-3\">Sengelegeischter Schopfheim<\/td><td class=\"column-4\">Schopfheim<\/td>\n<\/tr>\n<tr class=\"row-56\">\n\t<td class=\"column-1\">50<\/td><td class=\"column-2\"><\/td><td class=\"column-3\">Schl\u00f6ssle-Hexe Minseln<\/td><td class=\"column-4\">Minseln<\/td>\n<\/tr>\n<tr class=\"row-57\">\n\t<td class=\"column-1\">51<\/td><td class=\"column-2\"><\/td><td class=\"column-3\">Guggemusik Halligalli Maulburg<\/td><td class=\"column-4\">Maulburg<\/td>\n<\/tr>\n<tr class=\"row-58\">\n\t<td class=\"column-1\"><\/td><td class=\"column-2\">BFG Hauingen<\/td><td class=\"column-3\">Zunftmeister<\/td><td class=\"column-4\">Hauingen<\/td>\n<\/tr>\n<tr class=\"row-59\">\n\t<td class=\"column-1\">52<\/td><td class=\"column-2\">BFG Hauingen<\/td><td class=\"column-3\">Chruttschl\u00e4mpe Clique<\/td><td class=\"column-4\">Hauingen<\/td>\n<\/tr>\n<tr class=\"row-60\">\n\t<td class=\"column-1\">53<\/td><td class=\"column-2\">BFG Hauingen<\/td><td class=\"column-3\">Dalbi Clique<\/td><td class=\"column-4\">Hauingen<\/td>\n<\/tr>\n<tr class=\"row-61\">\n\t<td class=\"column-1\">54<\/td><td class=\"column-2\">BFG Hauingen<\/td><td class=\"column-3\">G\u00fcngeled Geischder<\/td><td class=\"column-4\">Hauingen<\/td>\n<\/tr>\n<tr class=\"row-62\">\n\t<td class=\"column-1\">55<\/td><td class=\"column-2\">BFG Hauingen<\/td><td class=\"column-3\">Gasseschliecher<\/td><td class=\"column-4\">Hauingen<\/td>\n<\/tr>\n<tr class=\"row-63\">\n\t<td class=\"column-1\">56<\/td><td class=\"column-2\">BFG Hauingen<\/td><td class=\"column-3\">Mugged\u00e4tscher<\/td><td class=\"column-4\">Hauingen<\/td>\n<\/tr>\n<tr class=\"row-64\">\n\t<td class=\"column-1\">57<\/td><td class=\"column-2\"><\/td><td class=\"column-3\">Ischteiner Gugge 1959 e.V.<\/td><td class=\"column-4\">Istein<\/td>\n<\/tr>\n<tr class=\"row-65\">\n\t<td class=\"column-1\">58<\/td><td class=\"column-2\"><\/td><td class=\"column-3\">Vampir D\u00e4mon\u00e4 Schopfheim<\/td><td class=\"column-4\">Schopfheim<\/td>\n<\/tr>\n<tr class=\"row-66\">\n\t<td class=\"column-1\">59<\/td><td class=\"column-2\"><\/td><td class=\"column-3\">Eiemer Seewicht 1985 e.V.<\/td><td class=\"column-4\">Schopfheim<\/td>\n<\/tr>\n<tr class=\"row-67\">\n\t<td class=\"column-1\">60<\/td><td class=\"column-2\">BFV Wieslet e.V.<\/td><td class=\"column-3\">Buuchwaldschratte Wieslet<\/td><td class=\"column-4\">Kleines Wiesental<\/td>\n<\/tr>\n<tr class=\"row-68\">\n\t<td class=\"column-1\">61<\/td><td class=\"column-2\"><\/td><td class=\"column-3\">Nollenh\u00fcnd Tegernau-Salneck<\/td><td class=\"column-4\">Kleines Wiesental<\/td>\n<\/tr>\n<tr class=\"row-69\">\n\t<td class=\"column-1\">62<\/td><td class=\"column-2\">Wagengruppe<\/td><td class=\"column-3\">Wagengruppe Platz 9.<\/td><td class=\"column-4\">Wagengruppe<\/td>\n<\/tr>\n<tr class=\"row-70\">\n\t<td class=\"column-1\">63<\/td><td class=\"column-2\"><\/td><td class=\"column-3\">Belche Bure Neuenweg<\/td><td class=\"column-4\">Kleines Wiesental<\/td>\n<\/tr>\n<tr class=\"row-71\">\n\t<td class=\"column-1\">64<\/td><td class=\"column-2\"><\/td><td class=\"column-3\">Schneeh\u00e4xee Chleis Wiisedal e.V.<\/td><td class=\"column-4\">Kleines Wiesental<\/td>\n<\/tr>\n<tr class=\"row-72\">\n\t<td class=\"column-1\">65<\/td><td class=\"column-2\"><\/td><td class=\"column-3\">Knochesch\u00e4del Wieslet<\/td><td class=\"column-4\">Kleines Wiesental<\/td>\n<\/tr>\n<tr class=\"row-73\">\n\t<td class=\"column-1\">66<\/td><td class=\"column-2\"><\/td><td class=\"column-3\">Raicher Wilds\u00e4u e.V.<\/td><td class=\"column-4\">Kleines Wiesental<\/td>\n<\/tr>\n<tr class=\"row-74\">\n\t<td class=\"column-1\">67<\/td><td class=\"column-2\">IG Weiler SF<\/td><td class=\"column-3\">Guggemusik Notehobler 1976 e.V.<\/td><td class=\"column-4\">Weil am Rhein<\/td>\n<\/tr>\n<tr class=\"row-75\">\n\t<td class=\"column-1\">68<\/td><td class=\"column-2\"><\/td><td class=\"column-3\">Schorleh\u00e4xe Sallneck<\/td><td class=\"column-4\">Kleines Wiesental<\/td>\n<\/tr>\n<tr class=\"row-76\">\n\t<td class=\"column-1\">69<\/td><td class=\"column-2\"><\/td><td class=\"column-3\">Chaoshexen<\/td><td class=\"column-4\">Kleines Wiesental<\/td>\n<\/tr>\n<tr class=\"row-77\">\n\t<td class=\"column-1\">70<\/td><td class=\"column-2\"><\/td><td class=\"column-3\">Haldeschlurbis H\u00f6llstein<\/td><td class=\"column-4\">H\u00f6llstein<\/td>\n<\/tr>\n<tr class=\"row-78\">\n\t<td class=\"column-1\">71<\/td><td class=\"column-2\"><\/td><td class=\"column-3\">L\u00e4tte H\u00e4xe<\/td><td class=\"column-4\">H\u00f6llstein<\/td>\n<\/tr>\n<tr class=\"row-79\">\n\t<td class=\"column-1\">72<\/td><td class=\"column-2\">Wagengruppe<\/td><td class=\"column-3\">Wagengruppe Platz 10.<\/td><td class=\"column-4\">Wagengruppe<\/td>\n<\/tr>\n<tr class=\"row-80\">\n\t<td class=\"column-1\">73<\/td><td class=\"column-2\"><\/td><td class=\"column-3\">Grunerner Eschwaldhexen 1996 e.V.<\/td><td class=\"column-4\">Staufen<\/td>\n<\/tr>\n<tr class=\"row-81\">\n\t<td class=\"column-1\">74<\/td><td class=\"column-2\"><\/td><td class=\"column-3\">Chanderner Werw\u00f6lf<\/td><td class=\"column-4\">Kandern<\/td>\n<\/tr>\n<tr class=\"row-82\">\n\t<td class=\"column-1\">75<\/td><td class=\"column-2\"><\/td><td class=\"column-3\">Zahnluggewiible<\/td><td class=\"column-4\">Weil am Rhein<\/td>\n<\/tr>\n<tr class=\"row-83\">\n\t<td class=\"column-1\">76<\/td><td class=\"column-2\"><\/td><td class=\"column-3\">Schlurbi Clique Inzlingen<\/td><td class=\"column-4\">Inzlingen<\/td>\n<\/tr>\n<tr class=\"row-84\">\n\t<td class=\"column-1\">77<\/td><td class=\"column-2\">IG Weiler SF<\/td><td class=\"column-3\">Wiibergugge Quaakd\u00e4sche e.V.<\/td><td class=\"column-4\">Weil am Rhein<\/td>\n<\/tr>\n<tr class=\"row-85\">\n\t<td class=\"column-1\">78<\/td><td class=\"column-2\">IG Weiler SF<\/td><td class=\"column-3\">Holzf\u00e4ller Waggis<\/td><td class=\"column-4\">Weil am Rhein<\/td>\n<\/tr>\n<tr class=\"row-86\">\n\t<td class=\"column-1\">79<\/td><td class=\"column-2\">IG Weiler SF<\/td><td class=\"column-3\">12. Glunggi e.V.<\/td><td class=\"column-4\">Weil am Rhein<\/td>\n<\/tr>\n<tr class=\"row-87\">\n\t<td class=\"column-1\">80<\/td><td class=\"column-2\">IG Weiler SF<\/td><td class=\"column-3\">Wiler Tr\u00fcblizupfer 1985 e.V.<\/td><td class=\"column-4\">Weil am Rhein<\/td>\n<\/tr>\n<tr class=\"row-88\">\n\t<td class=\"column-1\">81<\/td><td class=\"column-2\">Wagengruppe<\/td><td class=\"column-3\">Wagengruppe Platz 11.<\/td><td class=\"column-4\">Wagengruppe<\/td>\n<\/tr>\n<tr class=\"row-89\">\n\t<td class=\"column-1\">82<\/td><td class=\"column-2\">Wagengruppe<\/td><td class=\"column-3\">Wagengruppe Platz 12.<\/td><td class=\"column-4\">Wagengruppe<\/td>\n<\/tr>\n<tr class=\"row-90\">\n\t<td class=\"column-1\">83<\/td><td class=\"column-2\">IG Weiler SF<\/td><td class=\"column-3\">Wiler Schr\u00e4tteli e.V.<\/td><td class=\"column-4\">Weil am Rhein<\/td>\n<\/tr>\n<tr class=\"row-91\">\n\t<td class=\"column-1\">84<\/td><td class=\"column-2\">IG Weiler SF<\/td><td class=\"column-3\">Altwiiler R\u00e4bbuure<\/td><td class=\"column-4\">Weil am Rhein<\/td>\n<\/tr>\n<tr class=\"row-92\">\n\t<td class=\"column-1\">85<\/td><td class=\"column-2\"><\/td><td class=\"column-3\">W\u00e4lder Chnorzi Malsburg 1986 e.V.<\/td><td class=\"column-4\">Malsburg<\/td>\n<\/tr>\n<tr class=\"row-93\">\n\t<td class=\"column-1\">86<\/td><td class=\"column-2\"><\/td><td class=\"column-3\">Gosche Wiiber Waggis e.V.<\/td><td class=\"column-4\">Maulburg<\/td>\n<\/tr>\n<tr class=\"row-94\">\n\t<td class=\"column-1\">87<\/td><td class=\"column-2\"><\/td><td class=\"column-3\">Reblandfetzer<\/td><td class=\"column-4\">Eimeldingen<\/td>\n<\/tr>\n<tr class=\"row-95\">\n\t<td class=\"column-1\">88<\/td><td class=\"column-2\"><\/td><td class=\"column-3\">Soormatt H\u00e4xe Hauge 2013 e.V.<\/td><td class=\"column-4\">L\u00f6rrach<\/td>\n<\/tr>\n<tr class=\"row-96\">\n\t<td class=\"column-1\">89<\/td><td class=\"column-2\"><\/td><td class=\"column-3\">Haugemer Sunner\u00fcpfel e.V. 03<\/td><td class=\"column-4\">L\u00f6rrach<\/td>\n<\/tr>\n<tr class=\"row-97\">\n\t<td class=\"column-1\">90<\/td><td class=\"column-2\"><\/td><td class=\"column-3\">Stolle W\u00f6lf Sch\u00f6nau<\/td><td class=\"column-4\">Sch\u00f6nau<\/td>\n<\/tr>\n<tr class=\"row-98\">\n\t<td class=\"column-1\">91<\/td><td class=\"column-2\"><\/td><td class=\"column-3\">Atzenbacher Teufel<\/td><td class=\"column-4\">Zell im Wiesental<\/td>\n<\/tr>\n<tr class=\"row-99\">\n\t<td class=\"column-1\">92<\/td><td class=\"column-2\">Wagengruppe<\/td><td class=\"column-3\">Wagengruppe Platz 13.<\/td><td class=\"column-4\">Wagengruppe<\/td>\n<\/tr>\n<tr class=\"row-100\">\n\t<td class=\"column-1\">93<\/td><td class=\"column-2\">Wagengruppe<\/td><td class=\"column-3\">Wagengruppe Platz 14.<\/td><td class=\"column-4\">Wagengruppe<\/td>\n<\/tr>\n<\/tbody>\n<\/table>\n\n\n\n<h2 class=\"wp-block-heading\">Wagengruppen<\/h2>\n\n\n\n<table id=\"tablepress-5\" class=\"tablepress tablepress-id-5\">\n<thead>\n<tr class=\"row-1\">\n\t<th class=\"column-1\">Zunft<\/th><th class=\"column-2\">Wagengruppe<\/th><th class=\"column-3\">Ort Clique\/Zunft<\/th>\n<\/tr>\n<\/thead>\n<tbody class=\"row-striping row-hover\">\n<tr class=\"row-2\">\n\t<td class=\"column-1\">IG Weiler SF<\/td><td class=\"column-2\">Wiler Zipfel Clique 1967 e.V.<\/td><td class=\"column-3\">Weil am Rhein<\/td>\n<\/tr>\n<tr class=\"row-3\">\n\t<td class=\"column-1\">IG Weiler SF<\/td><td class=\"column-2\">Wiler Mooswaldsieche<\/td><td class=\"column-3\">Weil am Rhein<\/td>\n<\/tr>\n<tr class=\"row-4\">\n\t<td class=\"column-1\">IG Weiler SF<\/td><td class=\"column-2\">Gr\u00e4nz-Pfluderi-Waggis 1975 e.V<\/td><td class=\"column-3\">Weil am Rhein<\/td>\n<\/tr>\n<tr class=\"row-5\">\n\t<td class=\"column-1\">IG Weiler SF<\/td><td class=\"column-2\">Wiler Rhy-Deufel<\/td><td class=\"column-3\">Weil am Rhein<\/td>\n<\/tr>\n<tr class=\"row-6\">\n\t<td class=\"column-1\">NZ Rolli Dudel Wyhlen<\/td><td class=\"column-2\">Ruschbach D\u00e4monen<\/td><td class=\"column-3\">Wyhlen<\/td>\n<\/tr>\n<tr class=\"row-7\">\n\t<td class=\"column-1\">NZ Rolli Dudel Wyhlen<\/td><td class=\"column-2\"><br \/>\nWaggis Wyhlen<\/td><td class=\"column-3\">Wyhlen<\/td>\n<\/tr>\n<tr class=\"row-8\">\n\t<td class=\"column-1\">NZ Rolli Dudel Wyhlen<\/td><td class=\"column-2\">M\u00fchliraideufel<\/td><td class=\"column-3\">Wyhlen<\/td>\n<\/tr>\n<tr class=\"row-9\">\n\t<td class=\"column-1\"><\/td><td class=\"column-2\">Adelhuusema Sch\u00fc\u00fcreb\u00fcrzler e.V.<\/td><td class=\"column-3\">Adelhausen<\/td>\n<\/tr>\n<tr class=\"row-10\">\n\t<td class=\"column-1\"><\/td><td class=\"column-2\">Ch\u00fcrbse Clique Wittlingen<\/td><td class=\"column-3\">Wittlingen<\/td>\n<\/tr>\n<tr class=\"row-11\">\n\t<td class=\"column-1\"><\/td><td class=\"column-2\">D\u00e4nnle H\u00e4xe Inzlingen<\/td><td class=\"column-3\">Inzlingen<\/td>\n<\/tr>\n<tr class=\"row-12\">\n\t<td class=\"column-1\"><\/td><td class=\"column-2\">Wiese Kobold Steinen 2008 e.V.<\/td><td class=\"column-3\">Steinen<\/td>\n<\/tr>\n<tr class=\"row-13\">\n\t<td class=\"column-1\"><\/td><td class=\"column-2\">Mattentalgrabben R\u00fcmmingen<\/td><td class=\"column-3\">R\u00fcmmingen<\/td>\n<\/tr>\n<tr class=\"row-14\">\n\t<td class=\"column-1\"><\/td><td class=\"column-2\">R\u00e4tsche-Waggis e.V.<\/td><td class=\"column-3\">Grenzach -Whylen<\/td>\n<\/tr>\n<tr class=\"row-15\">\n\t<td class=\"column-1\">Narrengilde L\u00f6rrach<\/td><td class=\"column-2\">Ruebe Waggis<\/td><td class=\"column-3\">L\u00f6rrach<\/td>\n<\/tr>\n<\/tbody>\n<\/table>\n\n\n\n<h2 class=\"wp-block-heading\">Rathausplatz \/ Aktivb\u00fchne 1<\/h2>\n\n\n\n<table id=\"tablepress-7\" class=\"tablepress tablepress-id-7\">\n<thead>\n<tr class=\"row-1\">\n\t<th class=\"column-1\">Beginn<\/th><th class=\"column-2\">Ende<\/th><th class=\"column-3\">Guggemusik<\/th>\n<\/tr>\n<\/thead>\n<tbody class=\"row-striping row-hover\">\n<tr class=\"row-2\">\n\t<td class=\"column-1\"><\/td><td class=\"column-2\"><\/td><td class=\"column-3\"><\/td>\n<\/tr>\n<tr class=\"row-3\">\n\t<td class=\"column-1\">15:15 Uhr<\/td><td class=\"column-2\">15:30 Uhr<\/td><td class=\"column-3\"><\/td>\n<\/tr>\n<tr class=\"row-4\">\n\t<td class=\"column-1\">15:30 Uhr<\/td><td class=\"column-2\">15:45 Uhr<\/td><td class=\"column-3\">Guggemusik Node-Spucker e.V<\/td>\n<\/tr>\n<tr class=\"row-5\">\n\t<td class=\"column-1\">15:45 Uhr<\/td><td class=\"column-2\">16:00 Uhr<\/td><td class=\"column-3\">Guggemusik Halli Galli Maulburg<\/td>\n<\/tr>\n<tr class=\"row-6\">\n\t<td class=\"column-1\">16:00 Uhr<\/td><td class=\"column-2\">16:15 Uhr<\/td><td class=\"column-3\">Rebland Fetzer<\/td>\n<\/tr>\n<\/tbody>\n<\/table>\n\n\n\n<h2 class=\"wp-block-heading\">Gasthaus Schwanen \/ Aktivb\u00fchne 2<\/h2>\n\n\n\n<table id=\"tablepress-8\" class=\"tablepress tablepress-id-8\">\n<thead>\n<tr class=\"row-1\">\n\t<th class=\"column-1\">Beginn<\/th><th class=\"column-2\">Ende<\/th><th class=\"column-3\">Guggemusik<\/th>\n<\/tr>\n<\/thead>\n<tbody class=\"row-striping row-hover\">\n<tr class=\"row-2\">\n\t<td class=\"column-1\"><\/td><td class=\"column-2\"><\/td><td class=\"column-3\"><\/td>\n<\/tr>\n<tr class=\"row-3\">\n\t<td class=\"column-1\">15:00 Uhr<\/td><td class=\"column-2\">15:15 Uhr<\/td><td class=\"column-3\"><\/td>\n<\/tr>\n<tr class=\"row-4\">\n\t<td class=\"column-1\">15:15 Uhr<\/td><td class=\"column-2\">15:30 Uhr<\/td><td class=\"column-3\">Guggemusik Trottwarschlurbi 1980 e.V.<\/td>\n<\/tr>\n<tr class=\"row-5\">\n\t<td class=\"column-1\">15:30 Uhr<\/td><td class=\"column-2\">15:45 Uhr<\/td><td class=\"column-3\">Guggemusik Nodehobler<\/td>\n<\/tr>\n<tr class=\"row-6\">\n\t<td class=\"column-1\">15:45 Uhr<\/td><td class=\"column-2\">16:00 Uhr<\/td><td class=\"column-3\">Ischteiner Gugge 1959 e.V.<\/td>\n<\/tr>\n<\/tbody>\n<\/table>\n\n\n\n<p><\/p>\n","protected":false},"excerpt":{"rendered":"<p>Wir freuen uns mit Euch zusammen auf einen unvergesslichen Fasnachtsumzug am 08.02.2026 in Binzen! Wichtige Info Wagengruppen: Ihr habt keine eigene Startnummer!Ihr werdet je nach Zeitpunkt Eurer Ankunft in der &#8230;<\/p>\n","protected":false},"author":1,"featured_media":0,"parent":0,"menu_order":0,"comment_status":"closed","ping_status":"closed","template":"","meta":{"footnotes":""},"class_list":["post-49","page","type-page","status-publish","hentry"],"_links":{"self":[{"href":"http:\/\/narrenzunft-binzen.de\/index.php?rest_route=\/wp\/v2\/pages\/49","targetHints":{"allow":["GET"]}}],"collection":[{"href":"http:\/\/narrenzunft-binzen.de\/index.php?rest_route=\/wp\/v2\/pages"}],"about":[{"href":"http:\/\/narrenzunft-binzen.de\/index.php?rest_route=\/wp\/v2\/types\/page"}],"author":[{"embeddable":true,"href":"http:\/\/narrenzunft-binzen.de\/index.php?rest_route=\/wp\/v2\/users\/1"}],"replies":[{"embeddable":true,"href":"http:\/\/narrenzunft-binzen.de\/index.php?rest_route=%2Fwp%2Fv2%2Fcomments&post=49"}],"version-history":[{"count":90,"href":"http:\/\/narrenzunft-binzen.de\/index.php?rest_route=\/wp\/v2\/pages\/49\/revisions"}],"predecessor-version":[{"id":803,"href":"http:\/\/narrenzunft-binzen.de\/index.php?rest_route=\/wp\/v2\/pages\/49\/revisions\/803"}],"wp:attachment":[{"href":"http:\/\/narrenzunft-binzen.de\/index.php?rest_route=%2Fwp%2Fv2%2Fmedia&parent=49"}],"curies":[{"name":"wp","href":"https:\/\/api.w.org\/{rel}","templated":true}]}}