{"id":108,"date":"2018-05-28T20:46:50","date_gmt":"2018-05-28T20:46:50","guid":{"rendered":"http:\/\/narrenzunft-binzen.de\/?page_id=108"},"modified":"2019-03-23T19:09:16","modified_gmt":"2019-03-23T19:09:16","slug":"allgemein-2","status":"publish","type":"page","link":"http:\/\/narrenzunft-binzen.de\/?page_id=108","title":{"rendered":"Geschichte"},"content":{"rendered":"\n<p>Mit dem Namen \u201cNarrenzunft Binzemer Thonnerknaben e. V.\u201c wurde ein geschichtlich \u00fcberlieferter ortstypischer Namen gew\u00e4hlt.<br>Die Geschichte der Binzemer Thonnerknaben ist in der Ortschronik von Binzen erw\u00e4hnt.<br>Julius Wilhelm, ein bekannter L\u00f6rracher Historiker, wurde in den drei\u00dfiger Jahren vom Kunstmaler Max Brombacher aus Binzen informiert, dass<br>sich am D\u00f6serich`schen Haus in der Koppengasse in Binzen ein T\u00fcrsturz mit einem merkw\u00fcrdigen Wappen befindet.<br>\u201cIch habe keinen Zweifel\u201d, so Wilhelm, \u201ddass wir das Hauszeichen der heute in unserer Gegend vollst\u00e4ndig vergessenen Thonnerknaben von Binzen<br>vor uns haben. Eine Knabenschaft also, die unter anderem dem gestrengen Rat von Basel allerhand Beschwerde gemacht haben d\u00fcrfte. Dies geht aus<br>einer Urkunde aus dem Jahre 1478 hervor, der bis jetzt einzigen, die uns den Namen dieser Knabenschaft \u00fcberliefert und ihr Dasein beweist.\u201d<br>In seiner Begeisterung f\u00fcr die im Markgr\u00e4flerland neu entstehende Fasnacht ordnete Wilhelm die Thonnerknaben dem Fasnachtstreiben des<br>ausgehenden Mittelalters zu.<\/p>\n","protected":false},"excerpt":{"rendered":"<p>Mit dem Namen \u201cNarrenzunft Binzemer Thonnerknaben e. V.\u201c wurde ein geschichtlich \u00fcberlieferter ortstypischer Namen gew\u00e4hlt.Die Geschichte der Binzemer Thonnerknaben ist in der Ortschronik von Binzen erw\u00e4hnt.Julius Wilhelm, ein bekannter L\u00f6rracher &#8230;<\/p>\n","protected":false},"author":1,"featured_media":0,"parent":0,"menu_order":0,"comment_status":"closed","ping_status":"closed","template":"","meta":{"footnotes":""},"class_list":["post-108","page","type-page","status-publish","hentry"],"_links":{"self":[{"href":"http:\/\/narrenzunft-binzen.de\/index.php?rest_route=\/wp\/v2\/pages\/108","targetHints":{"allow":["GET"]}}],"collection":[{"href":"http:\/\/narrenzunft-binzen.de\/index.php?rest_route=\/wp\/v2\/pages"}],"about":[{"href":"http:\/\/narrenzunft-binzen.de\/index.php?rest_route=\/wp\/v2\/types\/page"}],"author":[{"embeddable":true,"href":"http:\/\/narrenzunft-binzen.de\/index.php?rest_route=\/wp\/v2\/users\/1"}],"replies":[{"embeddable":true,"href":"http:\/\/narrenzunft-binzen.de\/index.php?rest_route=%2Fwp%2Fv2%2Fcomments&post=108"}],"version-history":[{"count":8,"href":"http:\/\/narrenzunft-binzen.de\/index.php?rest_route=\/wp\/v2\/pages\/108\/revisions"}],"predecessor-version":[{"id":294,"href":"http:\/\/narrenzunft-binzen.de\/index.php?rest_route=\/wp\/v2\/pages\/108\/revisions\/294"}],"wp:attachment":[{"href":"http:\/\/narrenzunft-binzen.de\/index.php?rest_route=%2Fwp%2Fv2%2Fmedia&parent=108"}],"curies":[{"name":"wp","href":"https:\/\/api.w.org\/{rel}","templated":true}]}}